{"id":24,"date":"2025-08-18T21:18:01","date_gmt":"2025-08-18T21:18:01","guid":{"rendered":"https:\/\/homeoptimo.com\/?page_id=24"},"modified":"2025-10-03T11:38:04","modified_gmt":"2025-10-03T11:38:04","slug":"about-us","status":"publish","type":"page","link":"https:\/\/homeoptimo.com\/en\/about-us\/","title":{"rendered":"About us"},"content":{"rendered":"<div data-elementor-type=\"wp-page\" data-elementor-id=\"24\" class=\"elementor elementor-24\">\n\t\t\t\t<div class=\"elementor-element elementor-element-c2b0f63 e-flex e-con-boxed e-con e-parent\" data-id=\"c2b0f63\" data-element_type=\"container\" data-settings=\"{&quot;background_background&quot;:&quot;classic&quot;}\">\n\t\t\t\t\t<div class=\"e-con-inner\">\n\t\t\t\t<div class=\"elementor-element elementor-element-112d725 elementor-widget elementor-widget-text-editor\" data-id=\"112d725\" data-element_type=\"widget\" data-widget_type=\"text-editor.default\">\n\t\t\t\t\t\t\t\t\t<p>W HomeOptimo wierzymy, \u017ce prawdziwy luksus nie polega na nadmiarze \u2014 lecz na inteligencji, komforcie i harmonii.<\/p><p>Nasz\u0105 misj\u0105 jest redefinicja nowoczesnego stylu \u017cycia poprzez po\u0142\u0105czenie technologii Smart Home z ponadczasowym designem i \u015bwiadom\u0105 elegancj\u0105.<\/p><p>Tworzymy przestrzenie, kt\u00f3re dopasowuj\u0105 si\u0119 do Twojego rytmu dnia, reaguj\u0105 na potrzeby i wnosz\u0105 spok\u00f3j do codzienno\u015bci.<\/p><p>Ka\u017cdy detal \u2014 od o\u015bwietlenia i klimatu, po subtelne akcenty wn\u0119trza \u2014 zosta\u0142 zaprojektowany tak, aby podnie\u015b\u0107 komfort \u017cycia, ka\u017cdego dnia.<\/p><p>Nasza filozofia jest prosta:<\/p><p>\u201eLuksus zaczyna si\u0119 wtedy, gdy technologia staje si\u0119 niewidoczna \u2014 a \u017cycie po prostu staje si\u0119 lepsze.\u201d<\/p><p>Z pasj\u0105 \u0142\u0105czymy pi\u0119kno, wygod\u0119 i nowoczesno\u015b\u0107.<\/p><p>Dzi\u0119ki HomeOptimo odkryjesz nowy wymiar \u017cycia \u2014 gdzie Tw\u00f3j dom staje si\u0119 miejscem inteligentnego komfortu i harmonii.<\/p>\t\t\t\t\t\t\t\t<\/div>\n\t\t\t\t\t<\/div>\n\t\t\t\t<\/div>\n\t\t\t\t<\/div>","protected":false},"excerpt":{"rendered":"<p>W HomeOptimo wierzymy, \u017ce prawdziwy luksus nie polega na nadmiarze \u2014 lecz na inteligencji, komforcie i harmonii. Nasz\u0105 misj\u0105 jest redefinicja nowoczesnego stylu \u017cycia poprzez po\u0142\u0105czenie technologii Smart Home z ponadczasowym designem i \u015bwiadom\u0105 elegancj\u0105. Tworzymy przestrzenie, kt\u00f3re dopasowuj\u0105 si\u0119 do Twojego rytmu dnia, reaguj\u0105 na potrzeby i wnosz\u0105 spok\u00f3j do codzienno\u015bci. Ka\u017cdy detal \u2014&#8230;<\/p>","protected":false},"author":1,"featured_media":0,"parent":0,"menu_order":0,"comment_status":"closed","ping_status":"closed","template":"","meta":{"_kadence_starter_templates_imported_post":false,"_kad_post_transparent":"","_kad_post_title":"hide","_kad_post_layout":"fullwidth","_kad_post_sidebar_id":"","_kad_post_content_style":"unboxed","_kad_post_vertical_padding":"hide","_kad_post_feature":"hide","_kad_post_feature_position":"","_kad_post_header":false,"_kad_post_footer":false,"footnotes":""},"class_list":["post-24","page","type-page","status-publish","hentry"],"_links":{"self":[{"href":"https:\/\/homeoptimo.com\/en\/wp-json\/wp\/v2\/pages\/24","targetHints":{"allow":["GET"]}}],"collection":[{"href":"https:\/\/homeoptimo.com\/en\/wp-json\/wp\/v2\/pages"}],"about":[{"href":"https:\/\/homeoptimo.com\/en\/wp-json\/wp\/v2\/types\/page"}],"author":[{"embeddable":true,"href":"https:\/\/homeoptimo.com\/en\/wp-json\/wp\/v2\/users\/1"}],"replies":[{"embeddable":true,"href":"https:\/\/homeoptimo.com\/en\/wp-json\/wp\/v2\/comments?post=24"}],"version-history":[{"count":10,"href":"https:\/\/homeoptimo.com\/en\/wp-json\/wp\/v2\/pages\/24\/revisions"}],"predecessor-version":[{"id":176,"href":"https:\/\/homeoptimo.com\/en\/wp-json\/wp\/v2\/pages\/24\/revisions\/176"}],"wp:attachment":[{"href":"https:\/\/homeoptimo.com\/en\/wp-json\/wp\/v2\/media?parent=24"}],"curies":[{"name":"wp","href":"https:\/\/api.w.org\/{rel}","templated":true}]}}