{"id":223,"date":"2025-10-14T12:17:45","date_gmt":"2025-10-14T12:17:45","guid":{"rendered":"https:\/\/homeoptimo.com\/?page_id=223"},"modified":"2025-10-14T12:17:45","modified_gmt":"2025-10-14T12:17:45","slug":"regulamin-sklepu-homeoptimo","status":"publish","type":"page","link":"https:\/\/homeoptimo.com\/en\/regulamin-sklepu-homeoptimo\/","title":{"rendered":"Regulamin sklepu HomeOptimo"},"content":{"rendered":"<h2 data-start=\"326\" data-end=\"374\"><strong data-start=\"329\" data-end=\"374\">Regulamin sklepu internetowego HomeOptimo<\/strong><\/h2>\n<h3 data-start=\"376\" data-end=\"403\">1. Postanowienia og\u00f3lne<\/h3>\n<ol data-start=\"404\" data-end=\"950\">\n<li data-start=\"404\" data-end=\"606\">\n<p data-start=\"407\" data-end=\"606\">Sklep internetowy <strong data-start=\"425\" data-end=\"439\">HomeOptimo<\/strong>, dzia\u0142aj\u0105cy pod adresem <a class=\"decorated-link\" href=\"https:\/\/homeoptimo.com\/en\/\" target=\"_new\" rel=\"noopener\" data-start=\"464\" data-end=\"512\">www.homeoptimo.com<\/a>, prowadzony jest przez firm\u0119 HomeOptimo (w\u0142a\u015bciciel: Jakub Barci\u0144ski), z siedzib\u0105 w Polsce.<\/p>\n<\/li>\n<li data-start=\"607\" data-end=\"805\">\n<p data-start=\"610\" data-end=\"805\">Regulamin okre\u015bla zasady korzystania ze sklepu internetowego, sk\u0142adania zam\u00f3wie\u0144, zawierania um\u00f3w sprzeda\u017cy, dostawy towar\u00f3w, p\u0142atno\u015bci, prawa odst\u0105pienia od umowy oraz procedur reklamacyjnych.<\/p>\n<\/li>\n<li data-start=\"806\" data-end=\"950\">\n<p data-start=\"809\" data-end=\"950\">Ka\u017cdy klient korzystaj\u0105cy ze sklepu jest zobowi\u0105zany do zapoznania si\u0119 z niniejszym regulaminem i jego akceptacji przed z\u0142o\u017ceniem zam\u00f3wienia.<\/p>\n<\/li>\n<\/ol>\n<hr data-start=\"952\" data-end=\"955\" \/>\n<h3 data-start=\"957\" data-end=\"973\">2. Definicje<\/h3>\n<ul data-start=\"974\" data-end=\"1339\">\n<li data-start=\"974\" data-end=\"1071\">\n<p data-start=\"976\" data-end=\"1071\"><strong data-start=\"976\" data-end=\"986\">Klient<\/strong> \u2013 osoba fizyczna, prawna lub jednostka organizacyjna dokonuj\u0105ca zakup\u00f3w w sklepie.<\/p>\n<\/li>\n<li data-start=\"1072\" data-end=\"1176\">\n<p data-start=\"1074\" data-end=\"1176\"><strong data-start=\"1074\" data-end=\"1083\">Sklep<\/strong> \u2013 sklep internetowy dost\u0119pny pod adresem <a class=\"decorated-link\" href=\"https:\/\/homeoptimo.com\/en\/\" target=\"_new\" rel=\"noopener\" data-start=\"1125\" data-end=\"1173\">www.homeoptimo.com<\/a>.<\/p>\n<\/li>\n<li data-start=\"1177\" data-end=\"1209\">\n<p data-start=\"1179\" data-end=\"1209\"><strong data-start=\"1179\" data-end=\"1193\">Sprzedawca<\/strong> \u2013 HomeOptimo.<\/p>\n<\/li>\n<li data-start=\"1210\" data-end=\"1254\">\n<p data-start=\"1212\" data-end=\"1254\"><strong data-start=\"1212\" data-end=\"1223\">Produkt<\/strong> \u2013 towar oferowany w sklepie.<\/p>\n<\/li>\n<li data-start=\"1255\" data-end=\"1339\">\n<p data-start=\"1257\" data-end=\"1339\"><strong data-start=\"1257\" data-end=\"1271\">Zam\u00f3wienie<\/strong> \u2013 o\u015bwiadczenie woli klienta prowadz\u0105ce do zawarcia umowy sprzeda\u017cy.<\/p>\n<\/li>\n<\/ul>\n<hr data-start=\"1341\" data-end=\"1344\" \/>\n<h3 data-start=\"1346\" data-end=\"1371\">3. Sk\u0142adanie zam\u00f3wie\u0144<\/h3>\n<ol data-start=\"1372\" data-end=\"1762\">\n<li data-start=\"1372\" data-end=\"1484\">\n<p data-start=\"1375\" data-end=\"1484\">Zam\u00f3wienia mo\u017cna sk\u0142ada\u0107 za po\u015brednictwem strony internetowej sklepu, 24 godziny na dob\u0119, 7 dni w tygodniu.<\/p>\n<\/li>\n<li data-start=\"1485\" data-end=\"1565\">\n<p data-start=\"1488\" data-end=\"1565\">Klient wybiera produkty, okre\u015bla ich ilo\u015b\u0107 oraz spos\u00f3b dostawy i p\u0142atno\u015bci.<\/p>\n<\/li>\n<li data-start=\"1566\" data-end=\"1670\">\n<p data-start=\"1569\" data-end=\"1670\">Po z\u0142o\u017ceniu zam\u00f3wienia klient otrzymuje e-mail z potwierdzeniem przyj\u0119cia zam\u00f3wienia do realizacji.<\/p>\n<\/li>\n<li data-start=\"1671\" data-end=\"1762\">\n<p data-start=\"1674\" data-end=\"1762\">Zawarcie umowy sprzeda\u017cy nast\u0119puje w momencie potwierdzenia zam\u00f3wienia przez sprzedawc\u0119.<\/p>\n<\/li>\n<\/ol>\n<hr data-start=\"1764\" data-end=\"1767\" \/>\n<h3 data-start=\"1769\" data-end=\"1792\">4. Ceny i p\u0142atno\u015bci<\/h3>\n<ol data-start=\"1793\" data-end=\"2099\">\n<li data-start=\"1793\" data-end=\"1889\">\n<p data-start=\"1796\" data-end=\"1889\">Wszystkie ceny podawane s\u0105 w z\u0142otych polskich (PLN) lub euro (EUR) i zawieraj\u0105 podatek VAT.<\/p>\n<\/li>\n<li data-start=\"1890\" data-end=\"1995\">\n<p data-start=\"1893\" data-end=\"1920\">Dost\u0119pne formy p\u0142atno\u015bci:<\/p>\n<ul data-start=\"1924\" data-end=\"1995\">\n<li data-start=\"1924\" data-end=\"1947\">\n<p data-start=\"1926\" data-end=\"1947\">przelew tradycyjny,<\/p>\n<\/li>\n<li data-start=\"1951\" data-end=\"1971\">\n<p data-start=\"1953\" data-end=\"1971\">p\u0142atno\u015b\u0107 online,<\/p>\n<\/li>\n<li data-start=\"1975\" data-end=\"1995\">\n<p data-start=\"1977\" data-end=\"1995\">karta p\u0142atnicza.<\/p>\n<\/li>\n<\/ul>\n<\/li>\n<li data-start=\"1996\" data-end=\"2099\">\n<p data-start=\"1999\" data-end=\"2099\">Sprzedawca zastrzega sobie prawo do zmiany cen, przy czym zmiany nie dotycz\u0105 zam\u00f3wie\u0144 ju\u017c z\u0142o\u017conych.<\/p>\n<\/li>\n<\/ol>\n<hr data-start=\"2101\" data-end=\"2104\" \/>\n<h3 data-start=\"2106\" data-end=\"2120\">5. Dostawa<\/h3>\n<ol data-start=\"2121\" data-end=\"2369\">\n<li data-start=\"2121\" data-end=\"2200\">\n<p data-start=\"2124\" data-end=\"2200\">Zam\u00f3wienia realizowane s\u0105 na terenie Polski oraz kraj\u00f3w Unii Europejskiej.<\/p>\n<\/li>\n<li data-start=\"2201\" data-end=\"2265\">\n<p data-start=\"2204\" data-end=\"2265\">Dostawa realizowana jest za po\u015brednictwem firm kurierskich.<\/p>\n<\/li>\n<li data-start=\"2266\" data-end=\"2369\">\n<p data-start=\"2269\" data-end=\"2369\">Czas realizacji zam\u00f3wienia wynosi zwykle 2\u20135 dni roboczych, chyba \u017ce opis produktu wskazuje inaczej.<\/p>\n<\/li>\n<\/ol>\n<hr data-start=\"2371\" data-end=\"2374\" \/>\n<h3 data-start=\"2376\" data-end=\"2403\">6. Odst\u0105pienie od umowy<\/h3>\n<ol data-start=\"2404\" data-end=\"2753\">\n<li data-start=\"2404\" data-end=\"2512\">\n<p data-start=\"2407\" data-end=\"2512\">Konsument ma prawo odst\u0105pi\u0107 od umowy zawartej na odleg\u0142o\u015b\u0107 w terminie <strong data-start=\"2477\" data-end=\"2487\">14 dni<\/strong> bez podania przyczyny.<\/p>\n<\/li>\n<li data-start=\"2513\" data-end=\"2655\">\n<p data-start=\"2516\" data-end=\"2655\">Aby skorzysta\u0107 z prawa odst\u0105pienia, klient musi przes\u0142a\u0107 o\u015bwiadczenie o odst\u0105pieniu od umowy na adres e-mail: <strong data-start=\"2626\" data-end=\"2652\"><a class=\"decorated-link cursor-pointer\" rel=\"noopener\" data-start=\"2628\" data-end=\"2650\">kontakt@homeoptimo.com<\/a><\/strong>.<\/p>\n<\/li>\n<li data-start=\"2656\" data-end=\"2753\">\n<p data-start=\"2659\" data-end=\"2753\">Zwrot p\u0142atno\u015bci nast\u0105pi nie p\u00f3\u017aniej ni\u017c w ci\u0105gu 14 dni od dnia otrzymania zwracanego produktu.<\/p>\n<\/li>\n<\/ol>\n<hr data-start=\"2755\" data-end=\"2758\" \/>\n<h3 data-start=\"2760\" data-end=\"2777\">7. Reklamacje<\/h3>\n<ol data-start=\"2778\" data-end=\"3047\">\n<li data-start=\"2778\" data-end=\"2857\">\n<p data-start=\"2781\" data-end=\"2857\">Klient ma prawo zg\u0142osi\u0107 reklamacj\u0119, je\u017celi zakupiony produkt jest wadliwy.<\/p>\n<\/li>\n<li data-start=\"2858\" data-end=\"2983\">\n<p data-start=\"2861\" data-end=\"2983\">Reklamacj\u0119 nale\u017cy zg\u0142osi\u0107 pisemnie lub mailowo na adres <strong data-start=\"2917\" data-end=\"2943\"><a class=\"decorated-link cursor-pointer\" rel=\"noopener\" data-start=\"2919\" data-end=\"2941\">kontakt@homeoptimo.com<\/a><\/strong>, do\u0142\u0105czaj\u0105c opis wady i dow\u00f3d zakupu.<\/p>\n<\/li>\n<li data-start=\"2984\" data-end=\"3047\">\n<p data-start=\"2987\" data-end=\"3047\">Sprzedawca rozpatruje reklamacj\u0119 w ci\u0105gu 14 dni roboczych.<\/p>\n<\/li>\n<\/ol>\n<hr data-start=\"3049\" data-end=\"3052\" \/>\n<h3 data-start=\"3054\" data-end=\"3095\">8. Dane osobowe i ochrona prywatno\u015bci<\/h3>\n<ol data-start=\"3096\" data-end=\"3387\">\n<li data-start=\"3096\" data-end=\"3159\">\n<p data-start=\"3099\" data-end=\"3159\">Administratorem danych osobowych klient\u00f3w jest HomeOptimo.<\/p>\n<\/li>\n<li data-start=\"3160\" data-end=\"3305\">\n<p data-start=\"3163\" data-end=\"3305\">Dane osobowe przetwarzane s\u0105 w celu realizacji zam\u00f3wie\u0144, obs\u0142ugi klienta i dzia\u0142a\u0144 marketingowych zgodnie z obowi\u0105zuj\u0105cymi przepisami prawa.<\/p>\n<\/li>\n<li data-start=\"3306\" data-end=\"3387\">\n<p data-start=\"3309\" data-end=\"3387\">Klient ma prawo dost\u0119pu do swoich danych, ich poprawiania i \u017c\u0105dania usuni\u0119cia.<\/p>\n<\/li>\n<\/ol>\n<hr data-start=\"3389\" data-end=\"3392\" \/>\n<h3 data-start=\"3394\" data-end=\"3422\">9. Postanowienia ko\u0144cowe<\/h3>\n<ol data-start=\"3423\" data-end=\"3672\">\n<li data-start=\"3423\" data-end=\"3491\">\n<p data-start=\"3426\" data-end=\"3491\">Regulamin wchodzi w \u017cycie z dniem publikacji na stronie sklepu.<\/p>\n<\/li>\n<li data-start=\"3492\" data-end=\"3597\">\n<p data-start=\"3495\" data-end=\"3597\">Sprzedawca zastrzega sobie prawo do zmian regulaminu, kt\u00f3re obowi\u0105zuj\u0105 od momentu ich opublikowania.<\/p>\n<\/li>\n<li data-start=\"3598\" data-end=\"3672\">\n<p data-start=\"3601\" data-end=\"3672\">W sprawach nieuregulowanych zastosowanie maj\u0105 przepisy prawa polskiego.<\/p>\n<\/li>\n<\/ol>","protected":false},"excerpt":{"rendered":"<p>Regulamin sklepu internetowego HomeOptimo 1. Postanowienia og\u00f3lne Sklep internetowy HomeOptimo, dzia\u0142aj\u0105cy pod adresem www.homeoptimo.com, prowadzony jest przez firm\u0119 HomeOptimo (w\u0142a\u015bciciel: Jakub Barci\u0144ski), z siedzib\u0105 w Polsce. Regulamin okre\u015bla zasady korzystania ze sklepu internetowego, sk\u0142adania zam\u00f3wie\u0144, zawierania um\u00f3w sprzeda\u017cy, dostawy towar\u00f3w, p\u0142atno\u015bci, prawa odst\u0105pienia od umowy oraz procedur reklamacyjnych. Ka\u017cdy klient korzystaj\u0105cy ze sklepu jest zobowi\u0105zany&#8230;<\/p>","protected":false},"author":1,"featured_media":0,"parent":0,"menu_order":0,"comment_status":"closed","ping_status":"closed","template":"","meta":{"_kadence_starter_templates_imported_post":false,"_kad_post_transparent":"default","_kad_post_title":"default","_kad_post_layout":"default","_kad_post_sidebar_id":"","_kad_post_content_style":"default","_kad_post_vertical_padding":"default","_kad_post_feature":"","_kad_post_feature_position":"","_kad_post_header":false,"_kad_post_footer":false,"footnotes":""},"class_list":["post-223","page","type-page","status-publish","hentry"],"_links":{"self":[{"href":"https:\/\/homeoptimo.com\/en\/wp-json\/wp\/v2\/pages\/223","targetHints":{"allow":["GET"]}}],"collection":[{"href":"https:\/\/homeoptimo.com\/en\/wp-json\/wp\/v2\/pages"}],"about":[{"href":"https:\/\/homeoptimo.com\/en\/wp-json\/wp\/v2\/types\/page"}],"author":[{"embeddable":true,"href":"https:\/\/homeoptimo.com\/en\/wp-json\/wp\/v2\/users\/1"}],"replies":[{"embeddable":true,"href":"https:\/\/homeoptimo.com\/en\/wp-json\/wp\/v2\/comments?post=223"}],"version-history":[{"count":1,"href":"https:\/\/homeoptimo.com\/en\/wp-json\/wp\/v2\/pages\/223\/revisions"}],"predecessor-version":[{"id":224,"href":"https:\/\/homeoptimo.com\/en\/wp-json\/wp\/v2\/pages\/223\/revisions\/224"}],"wp:attachment":[{"href":"https:\/\/homeoptimo.com\/en\/wp-json\/wp\/v2\/media?parent=223"}],"curies":[{"name":"wp","href":"https:\/\/api.w.org\/{rel}","templated":true}]}}